{"id":3,"date":"2019-11-03T09:21:38","date_gmt":"2019-11-03T08:21:38","guid":{"rendered":"https:\/\/www.pica-pica.fr\/?page_id=3"},"modified":"2020-02-10T17:18:26","modified_gmt":"2020-02-10T16:18:26","slug":"politique-de-confidentialite","status":"publish","type":"page","link":"https:\/\/www.pica-pica.fr\/en\/contactez-nous\/politique-de-confidentialite\/","title":{"rendered":"Mentions l\u00e9gales"},"content":{"rendered":"<div id=\"u10723-71\" class=\"clearfix colelem shared_content\" data-muse-uid=\"U10723\" data-muse-type=\"txt_frame\" data-ibe-flags=\"txtStyleSrc\" data-sizepolicy=\"fluidWidth\" data-pintopage=\"page_fixedCenter\" data-leftadjustmentdoneby=\"pu10723-71\" data-content-guid=\"u10723-71_content\">\n<p id=\"u10723-10\"><strong>SITE,\u00a0CI-APR\u00c8S \u00ab\u00a0LE SITE\u00a0\u00bb<\/strong><\/p>\n<p id=\"u10723-15\" class=\"ts-Style-de-lien-par-d-faut--copie\">www.pica-pica.fr<\/p>\n<\/div>\n<div id=\"u10723-71\" class=\"clearfix colelem shared_content\" data-muse-uid=\"U10723\" data-muse-type=\"txt_frame\" data-ibe-flags=\"txtStyleSrc\" data-sizepolicy=\"fluidWidth\" data-pintopage=\"page_fixedCenter\" data-leftadjustmentdoneby=\"pu10723-71\" data-content-guid=\"u10723-71_content\">\n<p id=\"u10723-19\"><strong>DIRECTEUR DE PUBLICATION DU SITE<\/strong><\/p>\n<p id=\"u10723-22\">Monsieur Alexandre Bachelier<\/p>\n<p id=\"u10723-27\"><strong>EDITEUR DU SITE, CI-APR\u00c8S \u00ab\u00a0L\u2019EDITEUR\u00a0\u00bb<\/strong><\/p>\n<p id=\"u10723-30\">H2G<br \/>\nSASU au capital de 30.000 euros,<br \/>\ndont le si\u00e8ge social est \u00e0 BEZIERS (34500), rue Henri BRESSON n\u00b015, immatricul\u00e9e au RCS de BEZIERS sous le num\u00e9ro 529 166 571<\/p>\n<p id=\"u10723-37\" class=\"ts-Style-de-lien-par-d-faut--copie\"><a class=\"nonblock\" href=\"mailto:contact@pica-pica.fr\"><span id=\"u10723-35\">contact@pica-pica.fr<\/span><\/a><\/p>\n<p id=\"u10723-42\"><strong>CONCEPTION ET R\u00c9ALISATION DU SITE, CI-APR\u00c8S \u00ab\u00a0LE R\u00c9ALISATEUR\u00a0\u00bb<\/strong><\/p>\n<p id=\"u10723-45\">CREATIVO<br \/>\nSARL au capital de 1.000 euros,<br \/>\ndont le si\u00e8ge social est \u00e0 BEZIERS (34500), all\u00e9es Paul Riquet n\u00b039, immatricul\u00e9e au RCS de BEZIERS sous le num\u00e9ro 535 048\u00a0508<\/p>\n<p id=\"u10723-52\" class=\"ts-Style-de-lien-par-d-faut--copie\"><a class=\"nonblock\" href=\"mailto:contact@creati-vo.com\"><span id=\"u10723-50\">contact@creati-vo.com<\/span><\/a><br \/>\nCr\u00e9dits photos :\u00a0 Guilhem CHABBERT<\/p>\n<p id=\"u10723-59\"><strong>H\u00c9BERGEMENT DU SITE<\/strong><\/p>\n<p id=\"u10723-62\">OVH<br \/>\nSAS au capital de 10.000.000 euros<br \/>\nCode APE 6202A<br \/>\ndont le si\u00e8ge social est \u00e0 ROUBAIX (59100), rue Kellermann n\u00b02, immatricul\u00e9e au RCS de ROUBAIX-TOURCOING sous le num\u00e9ro 424 761 419<\/p>\n<p>&nbsp;<\/p>\n<\/div>\n<div id=\"u10724-128\" class=\"clearfix colelem shared_content\" data-muse-uid=\"U10724\" data-muse-type=\"txt_frame\" data-ibe-flags=\"txtStyleSrc\" data-sizepolicy=\"fluidWidth\" data-pintopage=\"page_fixedCenter\" data-leftadjustmentdoneby=\"pu10723-71\" data-content-guid=\"u10724-128_content\">\n<p id=\"u10724-2\"><strong>ARTICLE 1 \u2013 CONTENU DU SITE<\/strong><\/p>\n<p id=\"u10724-5\">Toutes les marques, photographies, textes, commentaires, illustrations, images anim\u00e9es ou non, s\u00e9quences vid\u00e9o, sons, ainsi que toutes les applications informatiques qui pourraient \u00eatre utilis\u00e9es pour faire fonctionner ce Site et plus g\u00e9n\u00e9ralement tous les \u00e9l\u00e9ments reproduits ou utilis\u00e9s sur le Site sont prot\u00e9g\u00e9s par les lois en vigueur au titre de la propri\u00e9t\u00e9 intellectuelle. Ils sont la propri\u00e9t\u00e9 pleine et enti\u00e8re de l&rsquo;Editeur ou de ses partenaires.<\/p>\n<p id=\"u10724-8\">Toute reproduction, repr\u00e9sentation, utilisation ou adaptation, sous quelque forme que ce soit, de tout ou partie de ces \u00e9l\u00e9ments, y compris les applications informatiques, sans l&rsquo;accord pr\u00e9alable et \u00e9crit de l&rsquo;Editeur, sont strictement interdites. Le fait pour l&rsquo;Editeur de ne pas engager de proc\u00e9dure d\u00e8s la prise de connaissance de ces utilisations non autoris\u00e9es ne vaut pas acceptation desdites utilisations et renonciation aux poursuites.<\/p>\n<p id=\"u10724-13\"><strong>ARTICLE 2 \u2013 GESTION DU SITE<\/strong><\/p>\n<p id=\"u10724-16\">Pour la bonne gestion du site, l&rsquo;Editeur pourra \u00e0 tout moment\u00a0:<\/p>\n<ul>\n<li id=\"u10724-19\">\u00a0Suspendre, interrompre ou limiter l&rsquo;acc\u00e8s \u00e0 tout ou partie du Site, r\u00e9server l&rsquo;acc\u00e8s\u00a0 au Site, ou \u00e0 certaines parties du Site, \u00e0 une cat\u00e9gorie d\u00e9termin\u00e9e d&rsquo;internaute ;<\/li>\n<li id=\"u10724-22\">Supprimer toute information pouvant en perturber le fonctionnement ou entrant en\u00a0 contravention avec les lois nationales ou internationales ;<\/li>\n<li id=\"u10724-25\">Suspendre le Site afin de proc\u00e9der \u00e0 des mises \u00e0 jour.<\/li>\n<\/ul>\n<p id=\"u10724-30\"><strong>ARTICLE 3 \u2013 RESPONSABILIT\u00c9S<\/strong><\/p>\n<p id=\"u10724-33\">La responsabilit\u00e9 de l&rsquo;Editeur ne peut \u00eatre engag\u00e9e en cas de d\u00e9faillance, panne, difficult\u00e9 ou interruption de fonctionnement, emp\u00eachant l&rsquo;acc\u00e8s au Site ou \u00e0 une de ses fonctionnalit\u00e9s.<\/p>\n<p id=\"u10724-36\">Le mat\u00e9riel de connexion au Site que vous utilisez est sous votre enti\u00e8re responsabilit\u00e9. Vous devez prendre toutes les mesures appropri\u00e9es pour prot\u00e9ger votre mat\u00e9riel et vos propres donn\u00e9es notamment d&rsquo;attaques virales par Internet. Vous \u00eates par ailleurs le seul responsable des sites et donn\u00e9es que vous consultez.<\/p>\n<p id=\"u10724-39\">L&rsquo;Editeur ne pourra \u00eatre tenu responsable en cas de poursuites judiciaires \u00e0 votre encontre :<\/p>\n<ul>\n<li id=\"u10724-42\">du fait de l&rsquo;usage du Site ou de tout service accessible via Internet ;<\/li>\n<li id=\"u10724-45\">du fait du non-respect par vous des pr\u00e9sentes conditions d\u2019utilisation.<\/li>\n<\/ul>\n<p id=\"u10724-48\">L&rsquo;Editeur n&rsquo;est pas responsable des dommages caus\u00e9s \u00e0 vous-m\u00eame, \u00e0 des tiers et\/ou \u00e0 votre \u00e9quipement du fait de votre connexion ou de votre utilisation du Site et vous renoncez \u00e0 toute action contre lui de ce fait.<\/p>\n<p id=\"u10724-53\"><strong>ARTICLE 4 \u2013 LIENS HYPERTEXTES<\/strong><\/p>\n<p id=\"u10724-56\">Le R\u00e9alisateur et l\u2019Editeur du Site d\u00e9clinent toute responsabilit\u00e9 quant \u00e0 toute information rendue accessible depuis le Site via un lien quel qu\u2019il soit, lesdites informations n\u2019\u00e9tant pas sous leur contr\u00f4le.<\/p>\n<p id=\"u10724-59\">La mise en place par vous de tous liens hypertextes vers tout ou partie du Site est strictement interdite, sauf autorisation pr\u00e9alable et \u00e9crite de l&rsquo;Editeur.<\/p>\n<p id=\"u10724-62\">L&rsquo;Editeur est libre de refuser cette autorisation sans avoir \u00e0 justifier de quelque mani\u00e8re que ce soit sa d\u00e9cision. Dans le cas o\u00f9 l&rsquo;Editeur accorderait son autorisation, celle-ci n&rsquo;est dans tous les cas que temporaire et pourra \u00eatre retir\u00e9e \u00e0 tout moment, sans obligation de justification.<\/p>\n<p id=\"u10724-65\">Dans tous les cas, tout lien devra \u00eatre retir\u00e9 sur simple demande de l&rsquo;Editeur.<\/p>\n<p id=\"u10724-70\"><strong>ARTICLE 5 \u2013 COLLECTE DE DONN\u00c9ES<\/strong><\/p>\n<p id=\"u10724-73\">Vous pouvez consulter le Site de fa\u00e7on anonyme sans fournir la moindre information personnelle.<\/p>\n<p id=\"u10724-75\">Les informations que vous communiquerez sont exclusivement destin\u00e9es \u00e0 l\u2019Editeur et ne seront jamais utilis\u00e9es \u00e0 d\u2019autres fins que celles pour lesquelles vous les avez communiqu\u00e9es.<\/p>\n<p id=\"u10724-78\">Conform\u00e9ment \u00e0 la r\u00e8glementation applicable relative \u00e0 la protection des donn\u00e9es personnelles, notamment la Loi n\u00b078-17 du 6 janvier 2018, la Loi n\u00b02018-493 du 20 juin 2018 et le R\u00e8glement (UE) 2016\/679 du Parlement Europ\u00e9en et du Conseil du 27 avril 2016 relatif \u00e0 la protection des personnes physiques \u00e0 l\u2019\u00e9gard du traitement des donn\u00e9es \u00e0 caract\u00e8re personnel et \u00e0 la libre circulation de ces donn\u00e9es, les utilisateurs de ce site disposent d\u2019un droit d\u2019acc\u00e8s, de rectification, de mise \u00e0 jour et d\u2019effacement des donn\u00e9es personnelles qui les concernent. Ils disposent \u00e9galement du droit d\u2019opposition au traitement de ses donn\u00e9es personnelles et dans certaines conditions, du droit \u00e0 la portabilit\u00e9 de celles-ci.<\/p>\n<p id=\"u10724-80\">Les utilisateurs b\u00e9n\u00e9ficient enfin du droit de donner des directives sur le sort de ses donn\u00e9es apr\u00e8s leur d\u00e9c\u00e8s.<\/p>\n<p id=\"u10724-83\">Vous pouvez exercer ces droits \u00e0 tout moment aupr\u00e8s de l&rsquo;\u00c9diteur, soit par courrier postal, soit par courriel \u00e0 l\u2019adresse : contact@pica-pica.fr, soit par courrier aux adresses de l\u2019\u00c9diteur mentionn\u00e9es \u00e0 l\u2019Article 1 des pr\u00e9sentes conditions d\u2019utilisation.<\/p>\n<p id=\"u10724-86\">Pour des raisons de s\u00e9curit\u00e9 et \u00e9viter toute demande frauduleuse, cette demande devra \u00eatre accompagn\u00e9e d&rsquo;un justificatif d&rsquo;identit\u00e9. Apr\u00e8s traitement de la demande ce justificatif sera d\u00e9truit.<\/p>\n<p id=\"u10724-89\"><strong>5.1 IDENTIT\u00c9 DU RESPONSABLE DE TRAITEMENT (ET COORDONN\u00c9ES DE SON REPR\u00c9SENTANT)<\/strong><\/p>\n<p id=\"u10724-92\">Le restaurant Pica Pica est impliqu\u00e9 dans la protection des donn\u00e9es personnelles des utilisateurs de ce site et respectent la vie priv\u00e9e de ceux-ci.<\/p>\n<p id=\"u10724-94\">Lorsque des donn\u00e9es sont trait\u00e9es suite \u00e0 l\u2019utilisation de ce site, le responsable de traitement des donn\u00e9es est la soci\u00e9t\u00e9 H2G, 15 rue Henri Brisson, 34500 B\u00e9ziers.<\/p>\n<p id=\"u10724-97\"><strong>5.2 S\u00c9CURIT\u00c9 DES DONN\u00c9ES PERSONNELLES<\/strong><\/p>\n<p id=\"u10724-100\">L\u2019\u00c9diteur s\u2019emploie \u00e0 garantir la s\u00e9curit\u00e9 des donn\u00e9es personnelles qui lui sont transmises, notamment par la mise en place de mesures techniques et organisationnelles raisonnables dont la s\u00e9curisation des postes de travail et la formation de l\u2019ensemble du personnel ayant acc\u00e8s aux donn\u00e9es personnelles.<\/p>\n<p id=\"u10724-103\"><strong>5.3 UTILISATION DU SITE PAR LES ENFANTS<\/strong><\/p>\n<p id=\"u10724-106\">Les mineurs de moins de 18 ans ne sont pas suppos\u00e9s utiliser le site, l\u2019\u00c9diteur n\u2019est par cons\u00e9quent pas amen\u00e9e \u00e0 collecter les donn\u00e9es personnelles de ceux-ci.<\/p>\n<p id=\"u10724-109\"><strong>5.4 TRANSFERT DES DONN\u00c9ES PERSONNELLES TRANSFRONTALIER<\/strong><\/p>\n<p id=\"u10724-112\">Les donn\u00e9es personnelles des utilisateurs de ce site ne seront pas en dehors de l\u2019Union Europ\u00e9enne.<\/p>\n<p id=\"u10724-115\"><strong>5.5 TRAITEMENT DE DONN\u00c9ES SENSIBLES<\/strong><\/p>\n<p id=\"u10724-118\">L\u2019\u00c9diteur ne collecte aucune donn\u00e9es sensibles, entendues comme des donn\u00e9es relatives \u00e0 l\u2019origine raciale ou ethnique, aux opinions politiques, philosophiques ou religieuses ou l\u2019appartenance syndicale des personnes, ou qui sont relatives \u00e0 la sant\u00e9 ou \u00e0 la vie sexuelle de celles-ci.<\/p>\n<\/div>","protected":false},"excerpt":{"rendered":"<p>SITE,\u00a0CI-APR\u00c8S \u00ab\u00a0LE SITE\u00a0\u00bb www.pica-pica.fr DIRECTEUR DE PUBLICATION DU SITE Monsieur Alexandre Bachelier EDITEUR DU SITE, CI-APR\u00c8S \u00ab\u00a0L\u2019EDITEUR\u00a0\u00bb H2G SASU au capital de 30.000 euros, dont le si\u00e8ge social est \u00e0 BEZIERS (34500), rue Henri BRESSON n\u00b015, immatricul\u00e9e au RCS de BEZIERS sous le num\u00e9ro 529 166 571 contact@pica-pica.fr CONCEPTION ET R\u00c9ALISATION DU SITE, CI-APR\u00c8S \u00ab\u00a0LE R\u00c9ALISATEUR\u00a0\u00bb CREATIVO SARL au capital de 1.000 euros, dont le si\u00e8ge social est \u00e0 BEZIERS (34500), all\u00e9es Paul Riquet n\u00b039, immatricul\u00e9e au RCS de BEZIERS [&hellip;]<\/p>\n","protected":false},"author":1,"featured_media":0,"parent":5896,"menu_order":2,"comment_status":"closed","ping_status":"closed","template":"","meta":{"footnotes":""},"class_list":["post-3","page","type-page","status-publish","hentry"],"yoast_head":"<!-- This site is optimized with the Yoast SEO plugin v27.4 - https:\/\/yoast.com\/product\/yoast-seo-wordpress\/ -->\n<title>PICA-PICA | Restaurant de partage - Mentions l\u00e9gales<\/title>\n<meta name=\"robots\" content=\"index, follow, max-snippet:-1, max-image-preview:large, max-video-preview:-1\" \/>\n<link rel=\"canonical\" href=\"https:\/\/www.pica-pica.fr\/en\/contactez-nous\/politique-de-confidentialite\/\" \/>\n<meta property=\"og:locale\" content=\"en_GB\" \/>\n<meta property=\"og:type\" content=\"article\" \/>\n<meta property=\"og:title\" content=\"PICA-PICA | Restaurant de partage - Mentions l\u00e9gales\" \/>\n<meta property=\"og:description\" content=\"SITE,\u00a0CI-APR\u00c8S \u00ab\u00a0LE SITE\u00a0\u00bb www.pica-pica.fr DIRECTEUR DE PUBLICATION DU SITE Monsieur Alexandre Bachelier EDITEUR DU SITE, CI-APR\u00c8S \u00ab\u00a0L\u2019EDITEUR\u00a0\u00bb H2G SASU au capital de 30.000 euros, dont le si\u00e8ge social est \u00e0 BEZIERS (34500), rue Henri BRESSON n\u00b015, immatricul\u00e9e au RCS de BEZIERS sous le num\u00e9ro 529 166 571 contact@pica-pica.fr CONCEPTION ET R\u00c9ALISATION DU SITE, CI-APR\u00c8S \u00ab\u00a0LE R\u00c9ALISATEUR\u00a0\u00bb CREATIVO SARL au capital de 1.000 euros, dont le si\u00e8ge social est \u00e0 BEZIERS (34500), all\u00e9es Paul Riquet n\u00b039, immatricul\u00e9e au RCS de BEZIERS [&hellip;]\" \/>\n<meta property=\"og:url\" content=\"https:\/\/www.pica-pica.fr\/en\/contactez-nous\/politique-de-confidentialite\/\" \/>\n<meta property=\"og:site_name\" content=\"PICA-PICA | Restaurant de partage\" \/>\n<meta property=\"article:publisher\" content=\"https:\/\/www.facebook.com\/PicaPicaBeziers\/\" \/>\n<meta property=\"article:modified_time\" content=\"2020-02-10T16:18:26+00:00\" \/>\n<meta name=\"twitter:card\" content=\"summary_large_image\" \/>\n<meta name=\"twitter:label1\" content=\"Estimated reading time\" \/>\n\t<meta name=\"twitter:data1\" content=\"6 minutes\" \/>\n<script type=\"application\/ld+json\" class=\"yoast-schema-graph\">{\"@context\":\"https:\\\/\\\/schema.org\",\"@graph\":[{\"@type\":\"WebPage\",\"@id\":\"https:\\\/\\\/www.pica-pica.fr\\\/contactez-nous\\\/politique-de-confidentialite\\\/\",\"url\":\"https:\\\/\\\/www.pica-pica.fr\\\/contactez-nous\\\/politique-de-confidentialite\\\/\",\"name\":\"PICA-PICA | Restaurant de partage - Mentions l\u00e9gales\",\"isPartOf\":{\"@id\":\"https:\\\/\\\/www.pica-pica.fr\\\/#website\"},\"datePublished\":\"2019-11-03T08:21:38+00:00\",\"dateModified\":\"2020-02-10T16:18:26+00:00\",\"breadcrumb\":{\"@id\":\"https:\\\/\\\/www.pica-pica.fr\\\/contactez-nous\\\/politique-de-confidentialite\\\/#breadcrumb\"},\"inLanguage\":\"en-GB\",\"potentialAction\":[{\"@type\":\"ReadAction\",\"target\":[\"https:\\\/\\\/www.pica-pica.fr\\\/contactez-nous\\\/politique-de-confidentialite\\\/\"]}]},{\"@type\":\"BreadcrumbList\",\"@id\":\"https:\\\/\\\/www.pica-pica.fr\\\/contactez-nous\\\/politique-de-confidentialite\\\/#breadcrumb\",\"itemListElement\":[{\"@type\":\"ListItem\",\"position\":1,\"name\":\"Accueil\",\"item\":\"https:\\\/\\\/www.pica-pica.fr\\\/\"},{\"@type\":\"ListItem\",\"position\":2,\"name\":\"Contact\",\"item\":\"https:\\\/\\\/www.pica-pica.fr\\\/contactez-nous\\\/\"},{\"@type\":\"ListItem\",\"position\":3,\"name\":\"Mentions l\u00e9gales\"}]},{\"@type\":\"WebSite\",\"@id\":\"https:\\\/\\\/www.pica-pica.fr\\\/#website\",\"url\":\"https:\\\/\\\/www.pica-pica.fr\\\/\",\"name\":\"PICA-PICA | Restaurant de partage\",\"description\":\"\",\"publisher\":{\"@id\":\"https:\\\/\\\/www.pica-pica.fr\\\/#organization\"},\"potentialAction\":[{\"@type\":\"SearchAction\",\"target\":{\"@type\":\"EntryPoint\",\"urlTemplate\":\"https:\\\/\\\/www.pica-pica.fr\\\/?s={search_term_string}\"},\"query-input\":{\"@type\":\"PropertyValueSpecification\",\"valueRequired\":true,\"valueName\":\"search_term_string\"}}],\"inLanguage\":\"en-GB\"},{\"@type\":\"Organization\",\"@id\":\"https:\\\/\\\/www.pica-pica.fr\\\/#organization\",\"name\":\"Pica Pica\",\"url\":\"https:\\\/\\\/www.pica-pica.fr\\\/\",\"logo\":{\"@type\":\"ImageObject\",\"inLanguage\":\"en-GB\",\"@id\":\"https:\\\/\\\/www.pica-pica.fr\\\/#\\\/schema\\\/logo\\\/image\\\/\",\"url\":\"https:\\\/\\\/www.pica-pica.fr\\\/wp-content\\\/uploads\\\/2020\\\/01\\\/pica-pica_profil_facebook.jpg\",\"contentUrl\":\"https:\\\/\\\/www.pica-pica.fr\\\/wp-content\\\/uploads\\\/2020\\\/01\\\/pica-pica_profil_facebook.jpg\",\"width\":1000,\"height\":1000,\"caption\":\"Pica Pica\"},\"image\":{\"@id\":\"https:\\\/\\\/www.pica-pica.fr\\\/#\\\/schema\\\/logo\\\/image\\\/\"},\"sameAs\":[\"https:\\\/\\\/www.facebook.com\\\/PicaPicaBeziers\\\/\",\"https:\\\/\\\/www.instagram.com\\\/restaurantpicapica\\\/\"]}]}<\/script>\n<!-- \/ Yoast SEO plugin. -->","yoast_head_json":{"title":"PICA-PICA | Restaurant de partage - Mentions l\u00e9gales","robots":{"index":"index","follow":"follow","max-snippet":"max-snippet:-1","max-image-preview":"max-image-preview:large","max-video-preview":"max-video-preview:-1"},"canonical":"https:\/\/www.pica-pica.fr\/en\/contactez-nous\/politique-de-confidentialite\/","og_locale":"en_GB","og_type":"article","og_title":"PICA-PICA | Restaurant de partage - Mentions l\u00e9gales","og_description":"SITE,\u00a0CI-APR\u00c8S \u00ab\u00a0LE SITE\u00a0\u00bb www.pica-pica.fr DIRECTEUR DE PUBLICATION DU SITE Monsieur Alexandre Bachelier EDITEUR DU SITE, CI-APR\u00c8S \u00ab\u00a0L\u2019EDITEUR\u00a0\u00bb H2G SASU au capital de 30.000 euros, dont le si\u00e8ge social est \u00e0 BEZIERS (34500), rue Henri BRESSON n\u00b015, immatricul\u00e9e au RCS de BEZIERS sous le num\u00e9ro 529 166 571 contact@pica-pica.fr CONCEPTION ET R\u00c9ALISATION DU SITE, CI-APR\u00c8S \u00ab\u00a0LE R\u00c9ALISATEUR\u00a0\u00bb CREATIVO SARL au capital de 1.000 euros, dont le si\u00e8ge social est \u00e0 BEZIERS (34500), all\u00e9es Paul Riquet n\u00b039, immatricul\u00e9e au RCS de BEZIERS [&hellip;]","og_url":"https:\/\/www.pica-pica.fr\/en\/contactez-nous\/politique-de-confidentialite\/","og_site_name":"PICA-PICA | Restaurant de partage","article_publisher":"https:\/\/www.facebook.com\/PicaPicaBeziers\/","article_modified_time":"2020-02-10T16:18:26+00:00","twitter_card":"summary_large_image","twitter_misc":{"Estimated reading time":"6 minutes"},"schema":{"@context":"https:\/\/schema.org","@graph":[{"@type":"WebPage","@id":"https:\/\/www.pica-pica.fr\/contactez-nous\/politique-de-confidentialite\/","url":"https:\/\/www.pica-pica.fr\/contactez-nous\/politique-de-confidentialite\/","name":"PICA-PICA | Restaurant de partage - Mentions l\u00e9gales","isPartOf":{"@id":"https:\/\/www.pica-pica.fr\/#website"},"datePublished":"2019-11-03T08:21:38+00:00","dateModified":"2020-02-10T16:18:26+00:00","breadcrumb":{"@id":"https:\/\/www.pica-pica.fr\/contactez-nous\/politique-de-confidentialite\/#breadcrumb"},"inLanguage":"en-GB","potentialAction":[{"@type":"ReadAction","target":["https:\/\/www.pica-pica.fr\/contactez-nous\/politique-de-confidentialite\/"]}]},{"@type":"BreadcrumbList","@id":"https:\/\/www.pica-pica.fr\/contactez-nous\/politique-de-confidentialite\/#breadcrumb","itemListElement":[{"@type":"ListItem","position":1,"name":"Accueil","item":"https:\/\/www.pica-pica.fr\/"},{"@type":"ListItem","position":2,"name":"Contact","item":"https:\/\/www.pica-pica.fr\/contactez-nous\/"},{"@type":"ListItem","position":3,"name":"Mentions l\u00e9gales"}]},{"@type":"WebSite","@id":"https:\/\/www.pica-pica.fr\/#website","url":"https:\/\/www.pica-pica.fr\/","name":"PICA-PICA | Restaurant de partage","description":"","publisher":{"@id":"https:\/\/www.pica-pica.fr\/#organization"},"potentialAction":[{"@type":"SearchAction","target":{"@type":"EntryPoint","urlTemplate":"https:\/\/www.pica-pica.fr\/?s={search_term_string}"},"query-input":{"@type":"PropertyValueSpecification","valueRequired":true,"valueName":"search_term_string"}}],"inLanguage":"en-GB"},{"@type":"Organization","@id":"https:\/\/www.pica-pica.fr\/#organization","name":"Pica Pica","url":"https:\/\/www.pica-pica.fr\/","logo":{"@type":"ImageObject","inLanguage":"en-GB","@id":"https:\/\/www.pica-pica.fr\/#\/schema\/logo\/image\/","url":"https:\/\/www.pica-pica.fr\/wp-content\/uploads\/2020\/01\/pica-pica_profil_facebook.jpg","contentUrl":"https:\/\/www.pica-pica.fr\/wp-content\/uploads\/2020\/01\/pica-pica_profil_facebook.jpg","width":1000,"height":1000,"caption":"Pica Pica"},"image":{"@id":"https:\/\/www.pica-pica.fr\/#\/schema\/logo\/image\/"},"sameAs":["https:\/\/www.facebook.com\/PicaPicaBeziers\/","https:\/\/www.instagram.com\/restaurantpicapica\/"]}]}},"_links":{"self":[{"href":"https:\/\/www.pica-pica.fr\/en\/wp-json\/wp\/v2\/pages\/3","targetHints":{"allow":["GET"]}}],"collection":[{"href":"https:\/\/www.pica-pica.fr\/en\/wp-json\/wp\/v2\/pages"}],"about":[{"href":"https:\/\/www.pica-pica.fr\/en\/wp-json\/wp\/v2\/types\/page"}],"author":[{"embeddable":true,"href":"https:\/\/www.pica-pica.fr\/en\/wp-json\/wp\/v2\/users\/1"}],"replies":[{"embeddable":true,"href":"https:\/\/www.pica-pica.fr\/en\/wp-json\/wp\/v2\/comments?post=3"}],"version-history":[{"count":6,"href":"https:\/\/www.pica-pica.fr\/en\/wp-json\/wp\/v2\/pages\/3\/revisions"}],"predecessor-version":[{"id":12474,"href":"https:\/\/www.pica-pica.fr\/en\/wp-json\/wp\/v2\/pages\/3\/revisions\/12474"}],"up":[{"embeddable":true,"href":"https:\/\/www.pica-pica.fr\/en\/wp-json\/wp\/v2\/pages\/5896"}],"wp:attachment":[{"href":"https:\/\/www.pica-pica.fr\/en\/wp-json\/wp\/v2\/media?parent=3"}],"curies":[{"name":"wp","href":"https:\/\/api.w.org\/{rel}","templated":true}]}}